{"id":216,"date":"2020-04-23T19:21:17","date_gmt":"2020-04-23T17:21:17","guid":{"rendered":"https:\/\/mein-obstkorb.de\/feinkost\/?page_id=216"},"modified":"2022-02-03T17:08:47","modified_gmt":"2022-02-03T16:08:47","slug":"obst-gemuese","status":"publish","type":"page","link":"https:\/\/mein-obstkorb.de\/feinkost\/obst-gemuese\/","title":{"rendered":"Obst &#038; Gem\u00fcse"},"content":{"rendered":"\t\t<div data-elementor-type=\"wp-page\" data-elementor-id=\"216\" class=\"elementor elementor-216\">\n\t\t\t\t\t\t<div class=\"elementor-inner\">\n\t\t\t\t<div class=\"elementor-section-wrap\">\n\t\t\t\t\t\t\t\t\t<section class=\"elementor-section elementor-top-section elementor-element elementor-element-359f2d64 elementor-section-stretched elementor-section-height-min-height elementor-section-boxed elementor-section-height-default elementor-section-items-middle\" data-id=\"359f2d64\" data-element_type=\"section\" data-settings=\"{&quot;stretch_section&quot;:&quot;section-stretched&quot;,&quot;background_background&quot;:&quot;classic&quot;}\">\n\t\t\t\t\t\t\t<div class=\"elementor-background-overlay\"><\/div>\n\t\t\t\t\t\t\t<div class=\"elementor-container elementor-column-gap-default\">\n\t\t\t\t\t\t\t<div class=\"elementor-row\">\n\t\t\t\t\t<div class=\"elementor-column elementor-col-100 elementor-top-column elementor-element elementor-element-4eba9499\" data-id=\"4eba9499\" data-element_type=\"column\">\n\t\t\t<div class=\"elementor-column-wrap elementor-element-populated\">\n\t\t\t\t\t\t\t<div class=\"elementor-widget-wrap\">\n\t\t\t\t\t\t<div class=\"elementor-element elementor-element-6768ed79 elementor-invisible elementor-widget elementor-widget-heading\" data-id=\"6768ed79\" data-element_type=\"widget\" data-settings=\"{&quot;_animation&quot;:&quot;fadeInLeft&quot;,&quot;_animation_delay&quot;:&quot;500&quot;}\" data-widget_type=\"heading.default\">\n\t\t\t\t<div class=\"elementor-widget-container\">\n\t\t\t<h1 class=\"elementor-heading-title elementor-size-default\">Obst & Gem\u00fcse<\/h1>\t\t<\/div>\n\t\t\t\t<\/div>\n\t\t\t\t\t\t<\/div>\n\t\t\t\t\t<\/div>\n\t\t<\/div>\n\t\t\t\t\t\t\t\t<\/div>\n\t\t\t\t\t<\/div>\n\t\t<\/section>\n\t\t\t\t<section class=\"elementor-section elementor-top-section elementor-element elementor-element-1c358496 elementor-section-boxed elementor-section-height-default elementor-section-height-default\" data-id=\"1c358496\" data-element_type=\"section\" data-settings=\"{&quot;background_background&quot;:&quot;classic&quot;}\">\n\t\t\t\t\t\t<div class=\"elementor-container elementor-column-gap-default\">\n\t\t\t\t\t\t\t<div class=\"elementor-row\">\n\t\t\t\t\t<div class=\"elementor-column elementor-col-50 elementor-top-column elementor-element elementor-element-72fa037d elementor-invisible\" data-id=\"72fa037d\" data-element_type=\"column\" data-settings=\"{&quot;background_background&quot;:&quot;classic&quot;,&quot;animation&quot;:&quot;fadeInLeft&quot;}\">\n\t\t\t<div class=\"elementor-column-wrap elementor-element-populated\">\n\t\t\t\t\t\t\t<div class=\"elementor-widget-wrap\">\n\t\t\t\t\t\t<div class=\"elementor-element elementor-element-5002e738 elementor-widget elementor-widget-heading\" data-id=\"5002e738\" data-element_type=\"widget\" data-widget_type=\"heading.default\">\n\t\t\t\t<div class=\"elementor-widget-container\">\n\t\t\t<h2 class=\"elementor-heading-title elementor-size-default\">Frische & Qualit\u00e4t ist unsere Leidenschaft\u2026<\/h2>\t\t<\/div>\n\t\t\t\t<\/div>\n\t\t\t\t<div class=\"elementor-element elementor-element-9cae875 elementor-widget elementor-widget-text-editor\" data-id=\"9cae875\" data-element_type=\"widget\" data-widget_type=\"text-editor.default\">\n\t\t\t\t<div class=\"elementor-widget-container\">\n\t\t\t\t\t\t\t\t<div class=\"elementor-text-editor elementor-clearfix\">\n\t\t\t\t<p>Wir sind uns sicher, unsere&nbsp;<b>300 verschiedenen Obst und Gem\u00fcsesorten<\/b>&nbsp;lassen Sie kreativ in der K\u00fcche werden. Jeden Morgen noch vor Sonnenaufgang fahren wir auf den Gro\u00dfmarkt und machen uns f\u00fcr Sie auf die Suche nach den besten und erlesensten Fr\u00fcchten. Dass Sie als Feinschmecker eine breite Auswahl an Obst und Gem\u00fcse erhalten und auch mal in den Geschmack von fruchtigen Exoten kommen, ist unser t\u00e4gliches Anliegen.<\/p>\t\t\t\t\t<\/div>\n\t\t\t\t\t\t<\/div>\n\t\t\t\t<\/div>\n\t\t\t\t<div class=\"elementor-element elementor-element-a588c0d elementor-widget elementor-widget-heading\" data-id=\"a588c0d\" data-element_type=\"widget\" data-widget_type=\"heading.default\">\n\t\t\t\t<div class=\"elementor-widget-container\">\n\t\t\t<h3 class=\"elementor-heading-title elementor-size-default\">Genie\u00dfen Sie aus unserem Vollsortiment\u2026<\/h3>\t\t<\/div>\n\t\t\t\t<\/div>\n\t\t\t\t<div class=\"elementor-element elementor-element-c93687f elementor-widget elementor-widget-text-editor\" data-id=\"c93687f\" data-element_type=\"widget\" data-widget_type=\"text-editor.default\">\n\t\t\t\t<div class=\"elementor-widget-container\">\n\t\t\t\t\t\t\t\t<div class=\"elementor-text-editor elementor-clearfix\">\n\t\t\t\t<p>Obst, Gem\u00fcse, Exoten, Salate, Kartoffeln, Pilze, Kr\u00e4uter, Minigem\u00fcse, Sprossen, Baby Salate, essbare Bl\u00fcten, &#8230;<\/p>\t\t\t\t\t<\/div>\n\t\t\t\t\t\t<\/div>\n\t\t\t\t<\/div>\n\t\t\t\t<div class=\"elementor-element elementor-element-4b7dee2 elementor-widget elementor-widget-heading\" data-id=\"4b7dee2\" data-element_type=\"widget\" data-widget_type=\"heading.default\">\n\t\t\t\t<div class=\"elementor-widget-container\">\n\t\t\t<h3 class=\"elementor-heading-title elementor-size-default\">Und f\u00fcr echte Feinschmecker\u2026<\/h3>\t\t<\/div>\n\t\t\t\t<\/div>\n\t\t\t\t<div class=\"elementor-element elementor-element-5c610378 elementor-widget elementor-widget-text-editor\" data-id=\"5c610378\" data-element_type=\"widget\" data-widget_type=\"text-editor.default\">\n\t\t\t\t<div class=\"elementor-widget-container\">\n\t\t\t\t\t\t\t\t<div class=\"elementor-text-editor elementor-clearfix\">\n\t\t\t\t<p>Frische Rohkostsalate, Feinkostsalate, k\u00fcchenfertiges Frischgem\u00fcse, Tr\u00fcffel, &#8230;<\/p>\t\t\t\t\t<\/div>\n\t\t\t\t\t\t<\/div>\n\t\t\t\t<\/div>\n\t\t\t\t\t\t<\/div>\n\t\t\t\t\t<\/div>\n\t\t<\/div>\n\t\t\t\t<div class=\"elementor-column elementor-col-50 elementor-top-column elementor-element elementor-element-7a1c1c6a elementor-hidden-phone elementor-invisible\" data-id=\"7a1c1c6a\" data-element_type=\"column\" data-settings=\"{&quot;background_background&quot;:&quot;classic&quot;,&quot;animation&quot;:&quot;fadeInRight&quot;}\">\n\t\t\t<div class=\"elementor-column-wrap elementor-element-populated\">\n\t\t\t\t\t\t\t<div class=\"elementor-widget-wrap\">\n\t\t\t\t\t\t<div class=\"elementor-element elementor-element-2e7b86d8 elementor-widget elementor-widget-image\" data-id=\"2e7b86d8\" data-element_type=\"widget\" data-widget_type=\"image.default\">\n\t\t\t\t<div class=\"elementor-widget-container\">\n\t\t\t\t\t\t\t\t<div class=\"elementor-image\">\n\t\t\t\t\t\t\t\t\t\t\t\t<img width=\"555\" height=\"670\" src=\"https:\/\/mein-obstkorb.de\/feinkost\/wp-content\/uploads\/sites\/3\/2020\/04\/about-img1.jpg\" class=\"attachment-full size-full\" alt=\"\" loading=\"lazy\" srcset=\"https:\/\/mein-obstkorb.de\/feinkost\/wp-content\/uploads\/sites\/3\/2020\/04\/about-img1.jpg 555w, https:\/\/mein-obstkorb.de\/feinkost\/wp-content\/uploads\/sites\/3\/2020\/04\/about-img1-249x300.jpg 249w\" sizes=\"(max-width: 555px) 100vw, 555px\" \/>\t\t\t\t\t\t\t\t\t\t\t\t\t\t<\/div>\n\t\t\t\t\t\t<\/div>\n\t\t\t\t<\/div>\n\t\t\t\t\t\t<\/div>\n\t\t\t\t\t<\/div>\n\t\t<\/div>\n\t\t\t\t\t\t\t\t<\/div>\n\t\t\t\t\t<\/div>\n\t\t<\/section>\n\t\t\t\t<section class=\"elementor-section elementor-top-section elementor-element elementor-element-613a97b2 elementor-section-boxed elementor-section-height-default elementor-section-height-default\" data-id=\"613a97b2\" data-element_type=\"section\" data-settings=\"{&quot;background_background&quot;:&quot;classic&quot;}\">\n\t\t\t\t\t\t<div class=\"elementor-container elementor-column-gap-default\">\n\t\t\t\t\t\t\t<div class=\"elementor-row\">\n\t\t\t\t\t<div class=\"elementor-column elementor-col-50 elementor-top-column elementor-element elementor-element-7c9be66a elementor-invisible\" data-id=\"7c9be66a\" data-element_type=\"column\" data-settings=\"{&quot;background_background&quot;:&quot;classic&quot;,&quot;animation&quot;:&quot;fadeInLeft&quot;,&quot;animation_delay&quot;:&quot;1000&quot;}\">\n\t\t\t<div class=\"elementor-column-wrap elementor-element-populated\">\n\t\t\t\t\t\t\t<div class=\"elementor-widget-wrap\">\n\t\t\t\t\t\t<div class=\"elementor-element elementor-element-39036af elementor-widget elementor-widget-image\" data-id=\"39036af\" data-element_type=\"widget\" data-widget_type=\"image.default\">\n\t\t\t\t<div class=\"elementor-widget-container\">\n\t\t\t\t\t\t\t\t<div class=\"elementor-image\">\n\t\t\t\t\t\t\t\t\t\t\t\t<img src=\"https:\/\/mein-obstkorb.de\/feinkost\/wp-content\/uploads\/sites\/3\/elementor\/thumbs\/agriculture-botanical-conservatory-1084540-q4y4up26dfmqple9lko0zi2acndyhrfjihovnabgq8.jpg\" title=\"agriculture-botanical-conservatory-1084540\" alt=\"agriculture-botanical-conservatory-1084540\" \/>\t\t\t\t\t\t\t\t\t\t\t\t\t\t<\/div>\n\t\t\t\t\t\t<\/div>\n\t\t\t\t<\/div>\n\t\t\t\t\t\t<\/div>\n\t\t\t\t\t<\/div>\n\t\t<\/div>\n\t\t\t\t<div class=\"elementor-column elementor-col-50 elementor-top-column elementor-element elementor-element-e4122ec elementor-invisible\" data-id=\"e4122ec\" data-element_type=\"column\" data-settings=\"{&quot;background_background&quot;:&quot;classic&quot;,&quot;animation&quot;:&quot;fadeInRight&quot;,&quot;animation_delay&quot;:&quot;1000&quot;}\">\n\t\t\t<div class=\"elementor-column-wrap elementor-element-populated\">\n\t\t\t\t\t\t\t<div class=\"elementor-widget-wrap\">\n\t\t\t\t\t\t<div class=\"elementor-element elementor-element-11d32187 elementor-widget elementor-widget-heading\" data-id=\"11d32187\" data-element_type=\"widget\" data-widget_type=\"heading.default\">\n\t\t\t\t<div class=\"elementor-widget-container\">\n\t\t\t<h2 class=\"elementor-heading-title elementor-size-default\">Ob es bei uns auch Bio gibt? Logisch!<\/h2>\t\t<\/div>\n\t\t\t\t<\/div>\n\t\t\t\t<div class=\"elementor-element elementor-element-ad2fdc7 elementor-widget elementor-widget-text-editor\" data-id=\"ad2fdc7\" data-element_type=\"widget\" data-widget_type=\"text-editor.default\">\n\t\t\t\t<div class=\"elementor-widget-container\">\n\t\t\t\t\t\t\t\t<div class=\"elementor-text-editor elementor-clearfix\">\n\t\t\t\t<p>Wir und unsere Lieferanten haben einen kritischen und erfahrenen Blick, wenn es um die Themen Qualit\u00e4t, Herkunftsland und Lagerung geht. Obst und Gem\u00fcse schmeckt nur dann aromatisch und gut, wenn es unter nat\u00fcrlichen Bedingungen reifen kann.<\/p>\n<p>Nur Fr\u00fcchte die bis zum Ende reifen k\u00f6nnen, haben die notwendigen N\u00e4hrstoffe die wir f\u00fcr eine gesunde Ern\u00e4hrung brauchen. Unser Obst wird daher unter strengen Anbaurichtlinien produziert.<\/p>\t\t\t\t\t<\/div>\n\t\t\t\t\t\t<\/div>\n\t\t\t\t<\/div>\n\t\t\t\t\t\t<\/div>\n\t\t\t\t\t<\/div>\n\t\t<\/div>\n\t\t\t\t\t\t\t\t<\/div>\n\t\t\t\t\t<\/div>\n\t\t<\/section>\n\t\t\t\t\t\t\t\t\t<\/div>\n\t\t\t<\/div>\n\t\t\t\t\t<\/div>\n\t\t","protected":false},"excerpt":{"rendered":"<p>Obst &#038; Gem\u00fcse Frische &#038; Qualit\u00e4t ist unsere Leidenschaft\u2026 Wir sind uns sicher, unsere&nbsp;300 verschiedenen Obst und Gem\u00fcsesorten&nbsp;lassen Sie kreativ in der K\u00fcche werden. Jeden Morgen noch vor Sonnenaufgang fahren wir auf den Gro\u00dfmarkt und machen uns f\u00fcr Sie auf die Suche nach den besten und erlesensten Fr\u00fcchten. Dass Sie als Feinschmecker eine breite Auswahl [&hellip;]<\/p>\n","protected":false},"author":1,"featured_media":0,"parent":0,"menu_order":0,"comment_status":"closed","ping_status":"closed","template":"elementor_header_footer","meta":[],"acf":[],"_links":{"self":[{"href":"https:\/\/mein-obstkorb.de\/feinkost\/wp-json\/wp\/v2\/pages\/216"}],"collection":[{"href":"https:\/\/mein-obstkorb.de\/feinkost\/wp-json\/wp\/v2\/pages"}],"about":[{"href":"https:\/\/mein-obstkorb.de\/feinkost\/wp-json\/wp\/v2\/types\/page"}],"author":[{"embeddable":true,"href":"https:\/\/mein-obstkorb.de\/feinkost\/wp-json\/wp\/v2\/users\/1"}],"replies":[{"embeddable":true,"href":"https:\/\/mein-obstkorb.de\/feinkost\/wp-json\/wp\/v2\/comments?post=216"}],"version-history":[{"count":15,"href":"https:\/\/mein-obstkorb.de\/feinkost\/wp-json\/wp\/v2\/pages\/216\/revisions"}],"predecessor-version":[{"id":496,"href":"https:\/\/mein-obstkorb.de\/feinkost\/wp-json\/wp\/v2\/pages\/216\/revisions\/496"}],"wp:attachment":[{"href":"https:\/\/mein-obstkorb.de\/feinkost\/wp-json\/wp\/v2\/media?parent=216"}],"curies":[{"name":"wp","href":"https:\/\/api.w.org\/{rel}","templated":true}]}}